{"id":97,"date":"2021-12-28T10:22:59","date_gmt":"2021-12-28T08:22:59","guid":{"rendered":"https:\/\/www.lsispab.lt\/?page_id=97"},"modified":"2021-12-28T10:22:59","modified_gmt":"2021-12-28T08:22:59","slug":"nuotrauku-galerija","status":"publish","type":"page","link":"https:\/\/www.lsispab.lt\/?page_id=97","title":{"rendered":"Nuotrauk\u0173 galerija"},"content":{"rendered":"\n<figure class=\"wp-block-image size-large\"><img loading=\"lazy\" decoding=\"async\" width=\"1024\" height=\"768\" src=\"https:\/\/www.lsispab.lt\/wp-content\/uploads\/2022\/12\/319988762_523748493069086_8675099549782764476_n-1024x768.jpg\" alt=\"\" class=\"wp-image-270\" srcset=\"https:\/\/www.lsispab.lt\/wp-content\/uploads\/2022\/12\/319988762_523748493069086_8675099549782764476_n-1024x768.jpg 1024w, https:\/\/www.lsispab.lt\/wp-content\/uploads\/2022\/12\/319988762_523748493069086_8675099549782764476_n-300x225.jpg 300w, https:\/\/www.lsispab.lt\/wp-content\/uploads\/2022\/12\/319988762_523748493069086_8675099549782764476_n-768x576.jpg 768w, https:\/\/www.lsispab.lt\/wp-content\/uploads\/2022\/12\/319988762_523748493069086_8675099549782764476_n-1536x1152.jpg 1536w, https:\/\/www.lsispab.lt\/wp-content\/uploads\/2022\/12\/319988762_523748493069086_8675099549782764476_n-1000x750.jpg 1000w, https:\/\/www.lsispab.lt\/wp-content\/uploads\/2022\/12\/319988762_523748493069086_8675099549782764476_n-230x173.jpg 230w, https:\/\/www.lsispab.lt\/wp-content\/uploads\/2022\/12\/319988762_523748493069086_8675099549782764476_n-350x263.jpg 350w, https:\/\/www.lsispab.lt\/wp-content\/uploads\/2022\/12\/319988762_523748493069086_8675099549782764476_n-480x360.jpg 480w, https:\/\/www.lsispab.lt\/wp-content\/uploads\/2022\/12\/319988762_523748493069086_8675099549782764476_n.jpg 2048w\" sizes=\"auto, (max-width: 1024px) 100vw, 1024px\" \/><\/figure>\n\n\n\n<p>Renginiai<\/p>\n\n\n\n<figure class=\"wp-block-image size-large\"><img loading=\"lazy\" decoding=\"async\" width=\"1024\" height=\"769\" src=\"https:\/\/www.lsispab.lt\/wp-content\/uploads\/2022\/12\/319934474_1783244815392062_6856283261715891822_n-1-1024x769.jpg\" alt=\"\" class=\"wp-image-272\" srcset=\"https:\/\/www.lsispab.lt\/wp-content\/uploads\/2022\/12\/319934474_1783244815392062_6856283261715891822_n-1-1024x769.jpg 1024w, https:\/\/www.lsispab.lt\/wp-content\/uploads\/2022\/12\/319934474_1783244815392062_6856283261715891822_n-1-300x225.jpg 300w, https:\/\/www.lsispab.lt\/wp-content\/uploads\/2022\/12\/319934474_1783244815392062_6856283261715891822_n-1-768x576.jpg 768w, https:\/\/www.lsispab.lt\/wp-content\/uploads\/2022\/12\/319934474_1783244815392062_6856283261715891822_n-1-1536x1153.jpg 1536w, https:\/\/www.lsispab.lt\/wp-content\/uploads\/2022\/12\/319934474_1783244815392062_6856283261715891822_n-1-1000x750.jpg 1000w, https:\/\/www.lsispab.lt\/wp-content\/uploads\/2022\/12\/319934474_1783244815392062_6856283261715891822_n-1-230x173.jpg 230w, https:\/\/www.lsispab.lt\/wp-content\/uploads\/2022\/12\/319934474_1783244815392062_6856283261715891822_n-1-350x263.jpg 350w, https:\/\/www.lsispab.lt\/wp-content\/uploads\/2022\/12\/319934474_1783244815392062_6856283261715891822_n-1-480x360.jpg 480w, https:\/\/www.lsispab.lt\/wp-content\/uploads\/2022\/12\/319934474_1783244815392062_6856283261715891822_n-1.jpg 2048w\" sizes=\"auto, (max-width: 1024px) 100vw, 1024px\" \/><\/figure>\n\n\n\n<figure class=\"wp-block-image size-large\"><img loading=\"lazy\" decoding=\"async\" width=\"1024\" height=\"769\" src=\"https:\/\/www.lsispab.lt\/wp-content\/uploads\/2022\/12\/319934474_1783244815392062_6856283261715891822_n-1024x769.jpg\" alt=\"\" class=\"wp-image-269\" srcset=\"https:\/\/www.lsispab.lt\/wp-content\/uploads\/2022\/12\/319934474_1783244815392062_6856283261715891822_n-1024x769.jpg 1024w, https:\/\/www.lsispab.lt\/wp-content\/uploads\/2022\/12\/319934474_1783244815392062_6856283261715891822_n-300x225.jpg 300w, https:\/\/www.lsispab.lt\/wp-content\/uploads\/2022\/12\/319934474_1783244815392062_6856283261715891822_n-768x576.jpg 768w, https:\/\/www.lsispab.lt\/wp-content\/uploads\/2022\/12\/319934474_1783244815392062_6856283261715891822_n-1536x1153.jpg 1536w, https:\/\/www.lsispab.lt\/wp-content\/uploads\/2022\/12\/319934474_1783244815392062_6856283261715891822_n-1000x750.jpg 1000w, https:\/\/www.lsispab.lt\/wp-content\/uploads\/2022\/12\/319934474_1783244815392062_6856283261715891822_n-230x173.jpg 230w, https:\/\/www.lsispab.lt\/wp-content\/uploads\/2022\/12\/319934474_1783244815392062_6856283261715891822_n-350x263.jpg 350w, https:\/\/www.lsispab.lt\/wp-content\/uploads\/2022\/12\/319934474_1783244815392062_6856283261715891822_n-480x360.jpg 480w, https:\/\/www.lsispab.lt\/wp-content\/uploads\/2022\/12\/319934474_1783244815392062_6856283261715891822_n.jpg 2048w\" sizes=\"auto, (max-width: 1024px) 100vw, 1024px\" \/><\/figure>\n\n\n\n\n\n<p>Nuotraukos<\/p>\n\n\n\n\n\n<figure class=\"wp-block-gallery has-nested-images columns-default is-cropped wp-block-gallery-1 is-layout-flex wp-block-gallery-is-layout-flex\">\n<figure class=\"wp-block-image size-large\"><img loading=\"lazy\" decoding=\"async\" width=\"1284\" height=\"962\" data-id=\"254\" src=\"https:\/\/www.lsispab.lt\/wp-content\/uploads\/2022\/12\/305051863_1560976047692691_2443828288702943411_n-1.jpg\" alt=\"\" class=\"wp-image-254\" srcset=\"https:\/\/www.lsispab.lt\/wp-content\/uploads\/2022\/12\/305051863_1560976047692691_2443828288702943411_n-1.jpg 1284w, https:\/\/www.lsispab.lt\/wp-content\/uploads\/2022\/12\/305051863_1560976047692691_2443828288702943411_n-1-300x225.jpg 300w, https:\/\/www.lsispab.lt\/wp-content\/uploads\/2022\/12\/305051863_1560976047692691_2443828288702943411_n-1-1024x767.jpg 1024w, https:\/\/www.lsispab.lt\/wp-content\/uploads\/2022\/12\/305051863_1560976047692691_2443828288702943411_n-1-768x575.jpg 768w, https:\/\/www.lsispab.lt\/wp-content\/uploads\/2022\/12\/305051863_1560976047692691_2443828288702943411_n-1-1000x749.jpg 1000w, https:\/\/www.lsispab.lt\/wp-content\/uploads\/2022\/12\/305051863_1560976047692691_2443828288702943411_n-1-230x172.jpg 230w, https:\/\/www.lsispab.lt\/wp-content\/uploads\/2022\/12\/305051863_1560976047692691_2443828288702943411_n-1-350x262.jpg 350w, https:\/\/www.lsispab.lt\/wp-content\/uploads\/2022\/12\/305051863_1560976047692691_2443828288702943411_n-1-480x360.jpg 480w\" sizes=\"auto, (max-width: 1284px) 100vw, 1284px\" \/><figcaption>In\u017e. K\u0119stutis Knezius  &#8211; 2022 m. Techninis pri\u017ei\u016br\u0117tojas<\/figcaption><\/figure>\n\n\n\n<figure class=\"wp-block-image size-large\"><img loading=\"lazy\" decoding=\"async\" width=\"1284\" height=\"1712\" data-id=\"253\" src=\"https:\/\/www.lsispab.lt\/wp-content\/uploads\/2022\/12\/305588561_830017404661045_532230958615222735_n.jpg\" alt=\"\" class=\"wp-image-253\" srcset=\"https:\/\/www.lsispab.lt\/wp-content\/uploads\/2022\/12\/305588561_830017404661045_532230958615222735_n.jpg 1284w, https:\/\/www.lsispab.lt\/wp-content\/uploads\/2022\/12\/305588561_830017404661045_532230958615222735_n-225x300.jpg 225w, https:\/\/www.lsispab.lt\/wp-content\/uploads\/2022\/12\/305588561_830017404661045_532230958615222735_n-768x1024.jpg 768w, https:\/\/www.lsispab.lt\/wp-content\/uploads\/2022\/12\/305588561_830017404661045_532230958615222735_n-1152x1536.jpg 1152w, https:\/\/www.lsispab.lt\/wp-content\/uploads\/2022\/12\/305588561_830017404661045_532230958615222735_n-1000x1333.jpg 1000w, https:\/\/www.lsispab.lt\/wp-content\/uploads\/2022\/12\/305588561_830017404661045_532230958615222735_n-230x307.jpg 230w, https:\/\/www.lsispab.lt\/wp-content\/uploads\/2022\/12\/305588561_830017404661045_532230958615222735_n-350x467.jpg 350w, https:\/\/www.lsispab.lt\/wp-content\/uploads\/2022\/12\/305588561_830017404661045_532230958615222735_n-480x640.jpg 480w\" sizes=\"auto, (max-width: 1284px) 100vw, 1284px\" \/><figcaption>In\u017e. K\u0119stutis Knezius &#8211; 2022 m. techninis pri\u017ei\u016br\u0117tojas<\/figcaption><\/figure>\n<\/figure>\n\n\n\n<p><\/p>\n","protected":false},"excerpt":{"rendered":"<p>Renginiai Nuotraukos<\/p>\n","protected":false},"author":1,"featured_media":0,"parent":0,"menu_order":0,"comment_status":"closed","ping_status":"closed","template":"","meta":{"footnotes":""},"class_list":["post-97","page","type-page","status-publish","hentry"],"_links":{"self":[{"href":"https:\/\/www.lsispab.lt\/index.php?rest_route=\/wp\/v2\/pages\/97","targetHints":{"allow":["GET"]}}],"collection":[{"href":"https:\/\/www.lsispab.lt\/index.php?rest_route=\/wp\/v2\/pages"}],"about":[{"href":"https:\/\/www.lsispab.lt\/index.php?rest_route=\/wp\/v2\/types\/page"}],"author":[{"embeddable":true,"href":"https:\/\/www.lsispab.lt\/index.php?rest_route=\/wp\/v2\/users\/1"}],"replies":[{"embeddable":true,"href":"https:\/\/www.lsispab.lt\/index.php?rest_route=%2Fwp%2Fv2%2Fcomments&post=97"}],"version-history":[{"count":0,"href":"https:\/\/www.lsispab.lt\/index.php?rest_route=\/wp\/v2\/pages\/97\/revisions"}],"wp:attachment":[{"href":"https:\/\/www.lsispab.lt\/index.php?rest_route=%2Fwp%2Fv2%2Fmedia&parent=97"}],"curies":[{"name":"wp","href":"https:\/\/api.w.org\/{rel}","templated":true}]}}