{"id":28,"date":"2021-12-10T14:57:34","date_gmt":"2021-12-10T12:57:34","guid":{"rendered":"https:\/\/www.lsispab.lt\/?page_id=28"},"modified":"2021-12-10T14:57:34","modified_gmt":"2021-12-10T12:57:34","slug":"ikainiai","status":"publish","type":"page","link":"https:\/\/www.lsispab.lt\/?page_id=28","title":{"rendered":"\u012ekainiai"},"content":{"rendered":"\n<p><strong>LSIS PAB mokym\u0173 ir egzamin\u0173 kainos<\/strong> (\u012esigalioja nuo 2024-07-01)<\/p>\n\n\n\n<p><strong>ASMEN\u0172, SIEKIAN\u010cI\u0172 \u012eGYTI* TEIS\u0118 EITI STATINIO STATYBOS TECHNIN\u0116S VEIKLOS PAGRINDINI\u0172 SRI\u010cI\u0172 VADOVO PAREIGAS, MOKYMO IR PROFESINI\u0172 \u017dINI\u0172 VERTINIMO KAINOS:<\/strong><\/p>\n\n\n\n<ol class=\"wp-block-list\">\n<li>Statinio** statybos vadovas\n<ul class=\"wp-block-list\">\n<li>Mokymai*** + profesini\u0173 \u017eini\u0173 vertinimas 360 EUR (324 EUR LSIS nariams)<\/li>\n\n\n\n<li>Atitikties atestavimo reikalavimams ir profesini\u0173 \u017eini\u0173 vertinimas 310 EUR (279EUR LSIS nariams)<\/li>\n<\/ul>\n<\/li>\n\n\n\n<li>Statinio**statybos vadovas + statinio** statybos technin\u0117s prie\u017ei\u016bros vadovas; Statinio*** statybos technin\u0117s prie\u017ei\u016bros vadovas\n<ul class=\"wp-block-list\">\n<li>Mokymai*** + profesini\u0173 \u017eini\u0173 vertinimas 380 EUR (342 EUR LSIS nariams)<\/li>\n\n\n\n<li>Atitikties atestavimo reikalavimams ir profesini\u0173 \u017eini\u0173 vertinimas 330 EUR (297EUR LSIS nariams)<\/li>\n<\/ul>\n<\/li>\n\n\n\n<li>Statinio** speciali\u0173j\u0173 statybos darb\u0173 vadovas\n<ul class=\"wp-block-list\">\n<li>Mokymai*** + profesini\u0173 \u017eini\u0173 vertinimas 360 EUR (324 EUR LSIS nariams)<\/li>\n\n\n\n<li>Atitikties atestavimo reikalavimams ir profesini\u0173 \u017eini\u0173 vertinimas 310 EUR (279EUR LSIS nariams)<\/li>\n<\/ul>\n<\/li>\n\n\n\n<li>Statinio** speciali\u0173j\u0173 statybos darb\u0173 vadovas + statinio** speciali\u0173j\u0173 statybos darb\u0173 technin\u0117s prie\u017ei\u016bros vadovas; Statinio** speciali\u0173j\u0173 statybos darb\u0173 technin\u0117s prie\u017ei\u016bros vadovas\n<ul class=\"wp-block-list\">\n<li>Mokymai*** + profesini\u0173 \u017eini\u0173 vertinimas 380 EUR (342 EUR LSIS nariams)<\/li>\n\n\n\n<li>Atitikties atestavimo reikalavimams ir profesini\u0173 \u017eini\u0173 vertinimas 330 EUR (297EUR LSIS nariams)<\/li>\n<\/ul>\n<\/li>\n\n\n\n<li>Statinio** statybos vadovas + statinio** speciali\u0173j\u0173 statybos darb\u0173 vadovas\n<ul class=\"wp-block-list\">\n<li>Mokymai*** + profesini\u0173 \u017eini\u0173 vertinimas 440 EUR (396 EUR LSIS nariams)<\/li>\n\n\n\n<li>Atitikties atestavimo reikalavimams ir profesini\u0173 \u017eini\u0173 vertinimas 390 EUR (351EUR LSIS nariams)<\/li>\n<\/ul>\n<\/li>\n\n\n\n<li>Statinio** statybos vadovas + statinio** speciali\u0173j\u0173 statybos darb\u0173 vadovas +&nbsp; statinio** statybos technin\u0117s prie\u017ei\u016bros vadovas ir(ar) statinio** speciali\u0173j\u0173 statybos darb\u0173 technin\u0117s prie\u017ei\u016bros vadovas\n<ul class=\"wp-block-list\">\n<li>Mokymai*** + profesini\u0173 \u017eini\u0173 vertinimas 480 EUR (432 EUR LSIS nariams)<\/li>\n\n\n\n<li>Atitikties atestavimo reikalavimams ir profesini\u0173 \u017eini\u0173 vertinimas 430 EUR (387 EUR LSIS nariams)<\/li>\n<\/ul>\n<\/li>\n\n\n\n<li>Bet kurios i\u0161 atestuojam\u0173 statybos technin\u0117s veiklos pagrindini\u0173 sri\u010di\u0173 vadovo pareigos statiniuose, esan\u010diuose kult\u016bros paveldo objekto teritorijoje, jo apsaugos zonoje, kult\u016bros paveldo vietov\u0117je\n<ul class=\"wp-block-list\">\n<li>Mokymai*** + profesini\u0173 \u017eini\u0173 vertinimas 230 EUR (207 EUR LSIS nariams)<\/li>\n\n\n\n<li>Atitikties atestavimo reikalavimams ir profesini\u0173 \u017eini\u0173 vertinimas 180 EUR (162EUR LSIS nariams)<\/li>\n<\/ul>\n<\/li>\n\n\n\n<li>Profesini\u0173 \u017eini\u0173 \u012fvertinimas eksternu, kai nesuformuojama minimali 5 asm. grup\u0117 ir reikalinga sukviesti egzamin\u0173 komisija\n<ul class=\"wp-block-list\">\n<li>&nbsp;atitinkamos mokym\u0173 programos kaina + profesini\u0173 \u017eini\u0173 vertinimo kaina.<\/li>\n<\/ul>\n<\/li>\n<\/ol>\n\n\n\n<p><strong>Pastabos:<\/strong><\/p>\n\n\n\n<p>*&nbsp; 1-19 punktuose nurodytos kainos taikomos ir asmenims, siekiantiems papildyti (pareigomis, statiniais (i\u0161skyrus statinius, esan\u010dius kult\u016bros paveldo objekto teritorijoje, jo apsaugos zonoje, kult\u016bros paveldo vietov\u0117je)&nbsp; ir(ar) statybos darb\u0173 sritimis) turim\u0105 kvalifikacijos atestat\u0105. Pakartotinai laikant profesini\u0173 \u017eini\u0173 egzamin\u0105 taikoma 50 procent\u0173 nuolaida nuo nurodyt\u0173 kain\u0173 (nepriklausomai nuo profesini\u0173 \u017eini\u0173 perlaikym\u0173 skai\u010diaus).&nbsp;<\/p>\n\n\n\n<p>** nurodytos kainos taikomos asmenims, siekiantiems \u012fgyti teis\u0119 vykdyti tiek ypating\u0173j\u0173, tiek&nbsp; neypating\u0173j\u0173 statini\u0173 statybos technin\u0117s veiklos pagrindini\u0173 sri\u010di\u0173 vadov\u0173 pareigas.&nbsp;&nbsp;<\/p>\n\n\n\n<p>*** asmen\u0173, siekian\u010di\u0173 \u012fgyti teis\u0119 eiti nurodytas statinio statybos technin\u0117s veiklos pagrindini\u0173 sri\u010di\u0173 vadov\u0173 pareigas, mokym\u0173 apimt\u012f nustato mokymus organizuojanti LSIS bendrija (tikrasis narys). Jei asmuo pageidauja dalyvauti ne visos apimties mokymuose, o i\u0161klausyti tik atskiras mokymo temas, paslaug\u0173 kaina skai\u010diuojama pagal formul\u0119&nbsp;<em>Kaina = i\u0161klausyt\u0173 valand\u0173 skai\u010dius&nbsp;<\/em>\u00d7<em>&nbsp;22 EUR + profesini\u0173 \u017eini\u0173 vertinimo kaina.<\/em><\/p>\n\n\n\n<p><strong>ASMEN\u0172, \u012eGIJUSI\u0172 TEIS\u0118 EITI STATINIO STATYBOS TECHNIN\u0116S VEIKLOS PAGRINDINI\u0172 SRI\u010cI\u0172 VADOVO PAREIGAS, KVALIFIKACIJOS TOBULINIMO MOKYMO PASLAUG\u0172 KAINOS<\/strong><\/p>\n\n\n\n<p><strong>Kvalifikacijos tobulinimo 1 (vienos) val.\/ akad. val. kaina* 22 EUR (LSIS nariams 20 EUR)<\/strong><\/p>\n\n\n\n<p><strong>Kompleksini\u0173 (min. 20 val.) kvalifikacijos tobulinimo mokym\u0173 kainos:<\/strong><\/p>\n\n\n\n<ol class=\"wp-block-list\">\n<li>Statinio statybos vadovas ir(ar) statinio statybos technin\u0117s prie\u017ei\u016bros vadovas\n<ul class=\"wp-block-list\">\n<li>300 EUR (LSIS nariams 270 EUR)<\/li>\n<\/ul>\n<\/li>\n\n\n\n<li>Statinio speciali\u0173j\u0173 statybos darb\u0173 vadovas ir(ar)&nbsp; statinio speciali\u0173j\u0173 statybos darb\u0173 technin\u0117s prie\u017ei\u016bros vadovas\n<ul class=\"wp-block-list\">\n<li>300 EUR (LSIS nariams 270 EUR)<\/li>\n<\/ul>\n<\/li>\n\n\n\n<li>Statinio projekto vadovas ir(ar) statinio projekto vykdymo prie\u017ei\u016bros vadovas ir(ar) &nbsp; statinio statybos technin\u0117s prie\u017ei\u016bros vadovas ir(ar) statinio projekto ekspertiz\u0117s vadovas ir(ar) statinio ekspertiz\u0117s vadovas\n<ul class=\"wp-block-list\">\n<li>300 EUR (LSIS nariams 270 EUR)<\/li>\n<\/ul>\n<\/li>\n\n\n\n<li>Statinio projekto dalies (konstrukcij\u0173) vadovas ir(ar)&nbsp; statinio projekto dalies (konstrukcij\u0173) vykdymo prie\u017ei\u016bros vadovas ir(ar)&nbsp; statinio projekto dalies (konstrukcij\u0173) ekspertiz\u0117s vadovas ir(ar) statinio dalies (konstrukcij\u0173) ekspertiz\u0117s vadovas\n<ul class=\"wp-block-list\">\n<li>300 EUR (LSIS nariams 270 EUR)<\/li>\n<\/ul>\n<\/li>\n\n\n\n<li>Statinio projekto dalies (nenurodytos&nbsp; 4 punkte) vadovas ir(ar) statinio projekto dalies (nenurodytos 4 punkte) vykdymo prie\u017ei\u016bros vadovas ir(ar) &nbsp; statinio projekto dalies (nenurodytos 4 punkte) ekspertiz\u0117s vadovas ir(ar) statinio dalies (nenurodytos 4 punkte) ekspertiz\u0117s vadovas\n<ul class=\"wp-block-list\">\n<li>300 EUR (LSIS nariams 270 EUR)<\/li>\n<\/ul>\n<\/li>\n<\/ol>\n\n\n\n<p><strong>Vienos dienos (min. 8 akad.val. ) kvalifikacijos tobulinimo mokym\u0173 kainos*:<\/strong><\/p>\n\n\n\n<ol class=\"wp-block-list\">\n<li>Statinio statybos vadovas <strong>ir(ar)<\/strong> statinio statybos technin\u0117s prie\u017ei\u016bros vadovas\n<ul class=\"wp-block-list\">\n<li>150 EUR (LSIS nariams 135 EUR)<\/li>\n<\/ul>\n<\/li>\n\n\n\n<li>Statinio speciali\u0173j\u0173 statybos darb\u0173 vadovas ir(ar)&nbsp; statinio speciali\u0173j\u0173 statybos darb\u0173 technin\u0117s prie\u017ei\u016bros vadovas\n<ul class=\"wp-block-list\">\n<li>150 EUR (LSIS nariams 135 EUR)<\/li>\n<\/ul>\n<\/li>\n\n\n\n<li>Statinio projekto vadovas ir(ar) statinio projekto vykdymo prie\u017ei\u016bros vadovas ir(ar) &nbsp; statinio statybos technin\u0117s prie\u017ei\u016bros vadovas ir(ar) statinio projekto ekspertiz\u0117s vadovas ir(ar) statinio ekspertiz\u0117s vadovas\n<ul class=\"wp-block-list\">\n<li>150 EUR (LSIS nariams 135 EUR)<\/li>\n<\/ul>\n<\/li>\n\n\n\n<li>Statinio projekto dalies (konstrukcij\u0173) vadovas ir(ar)&nbsp; statinio projekto dalies (konstrukcij\u0173) vykdymo prie\u017ei\u016bros vadovas ir(ar)&nbsp; statinio projekto dalies (konstrukcij\u0173) ekspertiz\u0117s vadovas ir(ar) statinio dalies (konstrukcij\u0173) ekspertiz\u0117s vadovas\n<ul class=\"wp-block-list\">\n<li>150 EUR (LSIS nariams 135 EUR)<\/li>\n<\/ul>\n<\/li>\n\n\n\n<li>Statinio projekto dalies (nenurodytos 4 punkte) vadovas ir(ar) statinio projekto dalies (nenurodytos 4 punkte) vykdymo prie\u017ei\u016bros vadovas ir(ar) &nbsp; statinio projekto dalies (nenurodytos 4 punkte) ekspertiz\u0117s vadovas ir(ar) statinio dalies (nenurodytos 4 punkte) ekspertiz\u0117s vadovas\n<ul class=\"wp-block-list\">\n<li>150 EUR (LSIS nariams 135 EUR)<\/li>\n<\/ul>\n<\/li>\n\n\n\n<li>Bet kurios i\u0161 atestuojam\u0173 statybos technin\u0117s veiklos pagrindini\u0173 sri\u010di\u0173 vadovo pareigos statiniuose, esan\u010diuose kult\u016bros paveldo objekto teritorijoje, jo apsaugos zonoje, kult\u016bros paveldo vietov\u0117je\n<ul class=\"wp-block-list\">\n<li>150 EUR (LSIS nariams 135 EUR)<\/li>\n<\/ul>\n<\/li>\n\n\n\n<li>Asmens, dalyvaujan\u010dio mokymuose, kiekvieno antro, tre\u010dio ir t.t. kvalifikacijos atestato dokument\u0173 sutikrinimas ir pa\u017eym\u0117jimo i\u0161ra\u0161ymas arba protokolo kopijos i\u0161davimas.\n<ul class=\"wp-block-list\">\n<li> 40 EUR<\/li>\n<\/ul>\n<\/li>\n\n\n\n<li>Dokument\u0173 parengimas atestavimui (informacijos surinkimas ir suvedimas \u012f SSVIS sistem\u0105 60 EUR (LSIS nariams 54 EUR). <\/li>\n<\/ol>\n\n\n\n<p><strong>Pastaba<\/strong><\/p>\n\n\n\n<p>*\u00a0 nurodytas valandinis arba dienos kvalifikacijos tobulinimo paslaug\u0173 \u012fkainis taikomas, kai asmuo pageidauja dalyvauti ne visos apimties mokymuose, o i\u0161klausyti tik atskiras mokym\u0173 temas.<\/p>\n","protected":false},"excerpt":{"rendered":"<p>LSIS PAB mokym\u0173 ir egzamin\u0173 kainos (\u012esigalioja nuo 2024-07-01) ASMEN\u0172, SIEKIAN\u010cI\u0172 \u012eGYTI* TEIS\u0118 EITI STATINIO STATYBOS TECHNIN\u0116S VEIKLOS PAGRINDINI\u0172 SRI\u010cI\u0172 VADOVO PAREIGAS, [&hellip;]<\/p>\n","protected":false},"author":1,"featured_media":0,"parent":0,"menu_order":0,"comment_status":"closed","ping_status":"closed","template":"","meta":{"footnotes":""},"class_list":["post-28","page","type-page","status-publish","hentry"],"_links":{"self":[{"href":"https:\/\/www.lsispab.lt\/index.php?rest_route=\/wp\/v2\/pages\/28","targetHints":{"allow":["GET"]}}],"collection":[{"href":"https:\/\/www.lsispab.lt\/index.php?rest_route=\/wp\/v2\/pages"}],"about":[{"href":"https:\/\/www.lsispab.lt\/index.php?rest_route=\/wp\/v2\/types\/page"}],"author":[{"embeddable":true,"href":"https:\/\/www.lsispab.lt\/index.php?rest_route=\/wp\/v2\/users\/1"}],"replies":[{"embeddable":true,"href":"https:\/\/www.lsispab.lt\/index.php?rest_route=%2Fwp%2Fv2%2Fcomments&post=28"}],"version-history":[{"count":0,"href":"https:\/\/www.lsispab.lt\/index.php?rest_route=\/wp\/v2\/pages\/28\/revisions"}],"wp:attachment":[{"href":"https:\/\/www.lsispab.lt\/index.php?rest_route=%2Fwp%2Fv2%2Fmedia&parent=28"}],"curies":[{"name":"wp","href":"https:\/\/api.w.org\/{rel}","templated":true}]}}